{"id":1679,"date":"2024-01-02T10:55:48","date_gmt":"2024-01-02T10:55:48","guid":{"rendered":"https:\/\/greenshare.solutions\/index.php\/inicio2\/"},"modified":"2024-01-03T22:27:14","modified_gmt":"2024-01-03T22:27:14","slug":"inicio2","status":"publish","type":"page","link":"https:\/\/greenshare.solutions\/index.php\/inicio2\/?lang=es","title":{"rendered":"Inicio"},"content":{"rendered":"\n<h5>Greenshare Solutions se centra en ayudar a las empresas de turismo y eventos a desarrollar planes que aborden sus problemas y oportunidades m\u00e1s importantes para apoyar los paisajes locales.<br\/><br\/>Un enfoque &#8220;de dentro hacia fuera&#8221; garantiza que los clientes realmente hablen en t\u00e9rminos de sostenibilidad, desarrollando una base que gu\u00ede la aplicaci\u00f3n y garantice que la sostenibilidad siga siendo fundamental para la empresa.<\/h5>\n\n<h5>Realice este breve test para conocer su nivel de<\/h5>\n\n<div class=\"buttons\">\n<a href=\"https:\/\/greenshare.solutions\/index.php\/inside-out-sustainability\/?lang=es\" title=\"INSIDE-OUT SUSTAINABILITY\" class=\"btn btn-primary\">INSIDE-OUT SUSTAINABILITY<\/a>\n<\/div>\n\n<br\/><br\/><br\/><br\/><br\/><br\/><br\/><br\/><br\/><br\/><br\/><br\/><br\/>\n<h5><strong>Los servicios de Greenshare Solutions incluyen tutor\u00eda en el desarrollo de planes de acci\u00f3n, apoyo a programas de mejora del rendimiento, acreditaci\u00f3n e integraci\u00f3n de sistemas de gesti\u00f3n, identificaci\u00f3n de cuestiones materiales para una estrategia de sostenibilidad centrada, desarrollo de capacidades y herramientas&#8230;<\/strong><\/h5>\n\n<script>let a = document.querySelector('.col-md-8.page-content-wrap.col-md-offset-2')\na.classList = [];\na.classList.add(\"container\");\na.style.paddingBottom = '0px';\na.style.paddingTop = '103px';\na.style.textAlign = 'center';\nconsole.log(a);\n\n\n<\/script>","protected":false},"excerpt":{"rendered":"<p>Greenshare Solutions se centra en ayudar a las empresas de turismo y eventos a desarrollar planes que aborden sus problemas y oportunidades m\u00e1s importantes para apoyar los paisajes locales.Un enfoque &#8220;de dentro hacia fuera&#8221; garantiza que los clientes realmente hablen en t\u00e9rminos de sostenibilidad, desarrollando una base que gu\u00ede la [&hellip;]<\/p>\n","protected":false},"author":1,"featured_media":0,"parent":0,"menu_order":0,"comment_status":"closed","ping_status":"closed","template":"","meta":{"_seopress_robots_primary_cat":""},"acf":[],"_links":{"self":[{"href":"https:\/\/greenshare.solutions\/index.php\/wp-json\/wp\/v2\/pages\/1679"}],"collection":[{"href":"https:\/\/greenshare.solutions\/index.php\/wp-json\/wp\/v2\/pages"}],"about":[{"href":"https:\/\/greenshare.solutions\/index.php\/wp-json\/wp\/v2\/types\/page"}],"author":[{"embeddable":true,"href":"https:\/\/greenshare.solutions\/index.php\/wp-json\/wp\/v2\/users\/1"}],"replies":[{"embeddable":true,"href":"https:\/\/greenshare.solutions\/index.php\/wp-json\/wp\/v2\/comments?post=1679"}],"version-history":[{"count":20,"href":"https:\/\/greenshare.solutions\/index.php\/wp-json\/wp\/v2\/pages\/1679\/revisions"}],"predecessor-version":[{"id":1772,"href":"https:\/\/greenshare.solutions\/index.php\/wp-json\/wp\/v2\/pages\/1679\/revisions\/1772"}],"wp:attachment":[{"href":"https:\/\/greenshare.solutions\/index.php\/wp-json\/wp\/v2\/media?parent=1679"}],"curies":[{"name":"wp","href":"https:\/\/api.w.org\/{rel}","templated":true}]}}