{"id":1593,"date":"2023-03-14T10:35:13","date_gmt":"2023-03-14T10:35:13","guid":{"rendered":"https:\/\/greenshare.solutions\/index.php\/servicios\/"},"modified":"2023-10-23T17:22:17","modified_gmt":"2023-10-23T17:22:17","slug":"servicios","status":"publish","type":"page","link":"https:\/\/greenshare.solutions\/index.php\/servicios\/?lang=es","title":{"rendered":"Servicios"},"content":{"rendered":"\n<h2 class=\"alignwide has-text-align-center has-text-color\" style=\"color:#c3d9c3\">Servicios<\/h2>\n\n<div class=\"is-layout-flow wp-block-group alignwide has-white-color has-background-color-background-color has-text-color has-background\"><div class=\"wp-block-group__inner-container\">\n<div style=\"height:70px\" aria-hidden=\"true\" class=\"wp-block-spacer\"><\/div>\n\n\n\n<div style=\"height:50px\" aria-hidden=\"true\" class=\"wp-block-spacer\"><\/div>\n\n\n\n<div class=\"is-layout-flex wp-container-4 wp-block-columns\">\n<div class=\"is-layout-flow wp-block-column\"><div class=\"wp-block-image\">\n<figure class=\"aligncenter size-thumbnail is-resized\"><img decoding=\"async\" loading=\"lazy\" src=\"http:\/\/185.11.201.71\/rebecca\/wordpress\/wp-content\/uploads\/2023\/05\/Emagotipo-150x150.png\" alt=\"\" class=\"wp-image-459\" width=\"38\" height=\"38\" srcset=\"https:\/\/greenshare.solutions\/wp-content\/uploads\/2023\/05\/Emagotipo-150x150.png 150w, https:\/\/greenshare.solutions\/wp-content\/uploads\/2023\/05\/Emagotipo-300x297.png 300w, https:\/\/greenshare.solutions\/wp-content\/uploads\/2023\/05\/Emagotipo-1024x1015.png 1024w, https:\/\/greenshare.solutions\/wp-content\/uploads\/2023\/05\/Emagotipo-768x761.png 768w, https:\/\/greenshare.solutions\/wp-content\/uploads\/2023\/05\/Emagotipo.png 1344w\" sizes=\"(max-width: 38px) 100vw, 38px\" \/><\/figure><\/div>\n\n\n<div style=\"height:30px\" aria-hidden=\"true\" class=\"wp-block-spacer\"><\/div>\n\n\n\n<p class=\"has-text-align-center has-text-color\" style=\"color:#c3d9c3\">Apoyo en certificaciones, auditor\u00edas y evaluaciones de sostenibilidad<\/p>\n<\/div>\n\n\n\n<div class=\"is-layout-flow wp-block-column\"><div class=\"wp-block-image\">\n<figure class=\"aligncenter size-thumbnail is-resized\"><img decoding=\"async\" loading=\"lazy\" src=\"http:\/\/185.11.201.71\/rebecca\/wordpress\/wp-content\/uploads\/2023\/05\/Emagotipo-150x150.png\" alt=\"\" class=\"wp-image-459\" width=\"38\" height=\"38\" srcset=\"https:\/\/greenshare.solutions\/wp-content\/uploads\/2023\/05\/Emagotipo-150x150.png 150w, https:\/\/greenshare.solutions\/wp-content\/uploads\/2023\/05\/Emagotipo-300x297.png 300w, https:\/\/greenshare.solutions\/wp-content\/uploads\/2023\/05\/Emagotipo-1024x1015.png 1024w, https:\/\/greenshare.solutions\/wp-content\/uploads\/2023\/05\/Emagotipo-768x761.png 768w, https:\/\/greenshare.solutions\/wp-content\/uploads\/2023\/05\/Emagotipo.png 1344w\" sizes=\"(max-width: 38px) 100vw, 38px\" \/><\/figure><\/div>\n\n\n<div style=\"height:30px\" aria-hidden=\"true\" class=\"wp-block-spacer\"><\/div>\n\n\n\n<p class=\"has-text-align-center has-text-color\" style=\"color:#c3d9c3\">Planes de acci\u00f3n orientados a los resultados que merezca la pena comunicar<\/p>\n<\/div>\n\n\n\n<div class=\"is-layout-flow wp-block-column\"><div class=\"wp-block-image\">\n<figure class=\"aligncenter size-thumbnail is-resized\"><img decoding=\"async\" loading=\"lazy\" src=\"http:\/\/185.11.201.71\/rebecca\/wordpress\/wp-content\/uploads\/2023\/05\/Emagotipo-150x150.png\" alt=\"\" class=\"wp-image-459\" width=\"38\" height=\"38\" srcset=\"https:\/\/greenshare.solutions\/wp-content\/uploads\/2023\/05\/Emagotipo-150x150.png 150w, https:\/\/greenshare.solutions\/wp-content\/uploads\/2023\/05\/Emagotipo-300x297.png 300w, https:\/\/greenshare.solutions\/wp-content\/uploads\/2023\/05\/Emagotipo-1024x1015.png 1024w, https:\/\/greenshare.solutions\/wp-content\/uploads\/2023\/05\/Emagotipo-768x761.png 768w, https:\/\/greenshare.solutions\/wp-content\/uploads\/2023\/05\/Emagotipo.png 1344w\" sizes=\"(max-width: 38px) 100vw, 38px\" \/><\/figure><\/div>\n\n\n<div style=\"height:30px\" aria-hidden=\"true\" class=\"wp-block-spacer\"><\/div>\n\n\n\n<p class=\"has-text-align-center has-text-color\" style=\"color:#c3d9c3\">Gesti\u00f3n eficaz de la cadena de suministro en 5 sencillos pasos<\/p>\n<\/div>\n<\/div>\n\n\n\n<div class=\"is-layout-flex wp-container-8 wp-block-columns\">\n<div class=\"is-layout-flow wp-block-column\"><div class=\"wp-block-image\">\n<figure class=\"aligncenter size-thumbnail is-resized\"><img decoding=\"async\" loading=\"lazy\" src=\"http:\/\/185.11.201.71\/rebecca\/wordpress\/wp-content\/uploads\/2023\/05\/Emagotipo-150x150.png\" alt=\"\" class=\"wp-image-459\" width=\"38\" height=\"38\" srcset=\"https:\/\/greenshare.solutions\/wp-content\/uploads\/2023\/05\/Emagotipo-150x150.png 150w, https:\/\/greenshare.solutions\/wp-content\/uploads\/2023\/05\/Emagotipo-300x297.png 300w, https:\/\/greenshare.solutions\/wp-content\/uploads\/2023\/05\/Emagotipo-1024x1015.png 1024w, https:\/\/greenshare.solutions\/wp-content\/uploads\/2023\/05\/Emagotipo-768x761.png 768w, https:\/\/greenshare.solutions\/wp-content\/uploads\/2023\/05\/Emagotipo.png 1344w\" sizes=\"(max-width: 38px) 100vw, 38px\" \/><\/figure><\/div>\n\n\n<div style=\"height:30px\" aria-hidden=\"true\" class=\"wp-block-spacer\"><\/div>\n\n\n\n<p class=\"has-text-align-center has-text-color\" style=\"color:#c3d9c3\">Consolidaci\u00f3n de la gesti\u00f3n y los procesos internos para implicar a los compa\u00f1eros y mejorar la eficacia<\/p>\n<\/div>\n\n\n\n<div class=\"is-layout-flow wp-block-column\"><div class=\"wp-block-image\">\n<figure class=\"aligncenter size-thumbnail is-resized\"><img decoding=\"async\" loading=\"lazy\" src=\"http:\/\/185.11.201.71\/rebecca\/wordpress\/wp-content\/uploads\/2023\/05\/Emagotipo-150x150.png\" alt=\"\" class=\"wp-image-459\" width=\"38\" height=\"38\" srcset=\"https:\/\/greenshare.solutions\/wp-content\/uploads\/2023\/05\/Emagotipo-150x150.png 150w, https:\/\/greenshare.solutions\/wp-content\/uploads\/2023\/05\/Emagotipo-300x297.png 300w, https:\/\/greenshare.solutions\/wp-content\/uploads\/2023\/05\/Emagotipo-1024x1015.png 1024w, https:\/\/greenshare.solutions\/wp-content\/uploads\/2023\/05\/Emagotipo-768x761.png 768w, https:\/\/greenshare.solutions\/wp-content\/uploads\/2023\/05\/Emagotipo.png 1344w\" sizes=\"(max-width: 38px) 100vw, 38px\" \/><\/figure><\/div>\n\n\n<div style=\"height:30px\" aria-hidden=\"true\" class=\"wp-block-spacer\"><\/div>\n\n\n\n<p class=\"has-text-align-center has-text-color\" style=\"color:#c3d9c3\">Consulta y gesti\u00f3n productivas de las partes interesadas<\/p>\n<\/div>\n\n\n\n<div class=\"is-layout-flow wp-block-column\"><div class=\"wp-block-image\">\n<figure class=\"aligncenter size-thumbnail is-resized\"><img decoding=\"async\" loading=\"lazy\" src=\"http:\/\/185.11.201.71\/rebecca\/wordpress\/wp-content\/uploads\/2023\/05\/Emagotipo-150x150.png\" alt=\"\" class=\"wp-image-459\" width=\"38\" height=\"38\" srcset=\"https:\/\/greenshare.solutions\/wp-content\/uploads\/2023\/05\/Emagotipo-150x150.png 150w, https:\/\/greenshare.solutions\/wp-content\/uploads\/2023\/05\/Emagotipo-300x297.png 300w, https:\/\/greenshare.solutions\/wp-content\/uploads\/2023\/05\/Emagotipo-1024x1015.png 1024w, https:\/\/greenshare.solutions\/wp-content\/uploads\/2023\/05\/Emagotipo-768x761.png 768w, https:\/\/greenshare.solutions\/wp-content\/uploads\/2023\/05\/Emagotipo.png 1344w\" sizes=\"(max-width: 38px) 100vw, 38px\" \/><\/figure><\/div>\n\n\n<div style=\"height:30px\" aria-hidden=\"true\" class=\"wp-block-spacer\"><\/div>\n\n\n\n<p class=\"has-text-align-center has-text-color\" style=\"color:#c3d9c3\">Desarrollo de herramientas para impulsar la mejora<\/p>\n<\/div>\n<\/div>\n\n\n\n<div class=\"is-layout-flex wp-container-11 wp-block-columns\">\n<div class=\"is-layout-flow wp-block-column\"><div class=\"wp-block-image\">\n<figure class=\"aligncenter size-thumbnail is-resized\"><img decoding=\"async\" loading=\"lazy\" src=\"http:\/\/185.11.201.71\/rebecca\/wordpress\/wp-content\/uploads\/2023\/05\/Emagotipo-150x150.png\" alt=\"\" class=\"wp-image-459\" width=\"38\" height=\"38\" srcset=\"https:\/\/greenshare.solutions\/wp-content\/uploads\/2023\/05\/Emagotipo-150x150.png 150w, https:\/\/greenshare.solutions\/wp-content\/uploads\/2023\/05\/Emagotipo-300x297.png 300w, https:\/\/greenshare.solutions\/wp-content\/uploads\/2023\/05\/Emagotipo-1024x1015.png 1024w, https:\/\/greenshare.solutions\/wp-content\/uploads\/2023\/05\/Emagotipo-768x761.png 768w, https:\/\/greenshare.solutions\/wp-content\/uploads\/2023\/05\/Emagotipo.png 1344w\" sizes=\"(max-width: 38px) 100vw, 38px\" \/><\/figure><\/div>\n\n\n<div style=\"height:30px\" aria-hidden=\"true\" class=\"wp-block-spacer\"><\/div>\n\n\n\n<p class=\"has-text-align-center has-text-color\" style=\"color:#c3d9c3\">Apoyo a los programas de mejora del rendimiento<\/p>\n<\/div>\n\n\n\n<div class=\"is-layout-flow wp-block-column\"><div class=\"wp-block-image\">\n<figure class=\"aligncenter size-thumbnail is-resized\"><img decoding=\"async\" loading=\"lazy\" src=\"http:\/\/185.11.201.71\/rebecca\/wordpress\/wp-content\/uploads\/2023\/05\/Emagotipo-150x150.png\" alt=\"\" class=\"wp-image-459\" width=\"38\" height=\"38\" srcset=\"https:\/\/greenshare.solutions\/wp-content\/uploads\/2023\/05\/Emagotipo-150x150.png 150w, https:\/\/greenshare.solutions\/wp-content\/uploads\/2023\/05\/Emagotipo-300x297.png 300w, https:\/\/greenshare.solutions\/wp-content\/uploads\/2023\/05\/Emagotipo-1024x1015.png 1024w, https:\/\/greenshare.solutions\/wp-content\/uploads\/2023\/05\/Emagotipo-768x761.png 768w, https:\/\/greenshare.solutions\/wp-content\/uploads\/2023\/05\/Emagotipo.png 1344w\" sizes=\"(max-width: 38px) 100vw, 38px\" \/><\/figure><\/div>\n\n\n<div style=\"height:30px\" aria-hidden=\"true\" class=\"wp-block-spacer\"><\/div>\n\n\n\n<p class=\"has-text-align-center has-text-color\" style=\"color:#c3d9c3\">Identificaci\u00f3n de cuestiones importantes para un plan de sostenibilidad espec\u00edfico<br\/><\/p>\n<\/div>\n<\/div>\n\n\n\n<div style=\"height:30px\" aria-hidden=\"true\" class=\"wp-block-spacer\"><\/div>\n\n\n\n<hr class=\"wp-block-separator aligncenter has-text-color has-accent-color has-alpha-channel-opacity has-accent-background-color has-background is-style-wide\"\/>\n\n\n\n<div style=\"height:30px\" aria-hidden=\"true\" class=\"wp-block-spacer\"><\/div>\n\n\n\n<div class=\"is-layout-flex wp-container-16 wp-block-columns alignwide\">\n<div class=\"is-layout-flow wp-block-column\">\n<p class=\"has-text-color\" style=\"color:#c3d9c3\">\u00bfQuiere consolidar, mejorar, desarrollar o incluso poner en marcha un plan de sostenibilidad?<\/p>\n\n\n\n<p class=\"has-text-color\" style=\"color:#c3d9c3\">No dude en ponerse en contacto con nosotros.<\/p>\n<\/div>\n\n\n\n<div class=\"is-layout-flow wp-block-column\">\n<div class=\"is-content-justification-center is-layout-flex wp-container-13 wp-block-buttons alignwide\">\n<div class=\"wp-block-button has-custom-width wp-block-button__width-50 is-style-outline\"><a class=\"wp-block-button__link has-white-color has-black-background-color has-text-color has-background wp-element-button\" href=\"https:\/\/greenshare.solutions\/index.php\/proyectos\/?lang=es\"><strong>PROYECTOS Y CASOS PR\u00c1CTICOS<\/strong><\/a><\/div>\n<\/div>\n\n\n\n<div style=\"height:30px\" aria-hidden=\"true\" class=\"wp-block-spacer\"><\/div>\n\n\n\n<div class=\"is-content-justification-center is-layout-flex wp-container-14 wp-block-buttons alignwide\">\n<div class=\"wp-block-button has-custom-width wp-block-button__width-50 is-style-outline\"><a class=\"wp-block-button__link has-white-color has-black-background-color has-text-color has-background wp-element-button\" href=\"https:\/\/greenshare.solutions\/index.php\/pongase-en-contacto-con\/?lang=es\"><strong>CONTACTO<\/strong><\/a><\/div>\n<\/div>\n<\/div>\n<\/div>\n\n\n\n<div style=\"height:30px\" aria-hidden=\"true\" class=\"wp-block-spacer\"><\/div>\n<\/div><\/div>\n","protected":false},"excerpt":{"rendered":"<p>Servicios Apoyo en certificaciones, auditor\u00edas y evaluaciones de sostenibilidad Planes de acci\u00f3n orientados a los resultados que merezca la pena comunicar Gesti\u00f3n eficaz de la cadena de suministro en 5 sencillos pasos Consolidaci\u00f3n de la gesti\u00f3n y los procesos internos para implicar a los compa\u00f1eros y mejorar la eficacia Consulta [&hellip;]<\/p>\n","protected":false},"author":1,"featured_media":0,"parent":0,"menu_order":0,"comment_status":"closed","ping_status":"closed","template":"","meta":{"_seopress_robots_primary_cat":""},"acf":[],"_links":{"self":[{"href":"https:\/\/greenshare.solutions\/index.php\/wp-json\/wp\/v2\/pages\/1593"}],"collection":[{"href":"https:\/\/greenshare.solutions\/index.php\/wp-json\/wp\/v2\/pages"}],"about":[{"href":"https:\/\/greenshare.solutions\/index.php\/wp-json\/wp\/v2\/types\/page"}],"author":[{"embeddable":true,"href":"https:\/\/greenshare.solutions\/index.php\/wp-json\/wp\/v2\/users\/1"}],"replies":[{"embeddable":true,"href":"https:\/\/greenshare.solutions\/index.php\/wp-json\/wp\/v2\/comments?post=1593"}],"version-history":[{"count":3,"href":"https:\/\/greenshare.solutions\/index.php\/wp-json\/wp\/v2\/pages\/1593\/revisions"}],"predecessor-version":[{"id":1661,"href":"https:\/\/greenshare.solutions\/index.php\/wp-json\/wp\/v2\/pages\/1593\/revisions\/1661"}],"wp:attachment":[{"href":"https:\/\/greenshare.solutions\/index.php\/wp-json\/wp\/v2\/media?parent=1593"}],"curies":[{"name":"wp","href":"https:\/\/api.w.org\/{rel}","templated":true}]}}